{"id":3073,"date":"2025-03-09T22:38:45","date_gmt":"2025-03-09T22:38:45","guid":{"rendered":"https:\/\/pippinclub.com\/?page_id=3073"},"modified":"2025-10-09T11:14:47","modified_gmt":"2025-10-09T11:14:47","slug":"pippin-awards","status":"publish","type":"page","link":"https:\/\/pippinclub.com\/de\/pippin-awards\/","title":{"rendered":"Pippin-Auszeichnungen"},"content":{"rendered":"<h2>Haftungsausschluss<\/h2>\n<p><strong>Die \u201ePippin-Auszeichnungen\u201c-Toplisten dienen ausschlie\u00dflich Forschungs- und Informationszwecken. Alle Daten stammen aus \u00f6ffentlich zug\u00e4nglichen Quellen und werden entsprechend zusammengestellt und geordnet. Mit der Ver\u00f6ffentlichung dieser Informationen beanspruchen wir weder Eigentum an externen Inhalten noch garantieren wir f\u00fcr deren vollst\u00e4ndige Richtigkeit oder aktuelle Relevanz.<\/strong><\/p>\n<p><strong>Wir respektieren die Rechte von Einzelpersonen, Organisationen und Urheberrechtsinhabern. Solltest du der Meinung sein, dass ein Eintrag, eine Referenz oder ein Datensatz in den Pippin-Auszeichnungen deine Rechte verletzt oder anderweitig problematisch ist, nehmen wir dein Anliegen ernst. Bitte kontaktiere uns \u00fcber die Seite \u201eKontaktiere uns\u201c mit deinem Antrag auf Entfernung oder \u00c4nderung. Wir pr\u00fcfen dein Anliegen und ergreifen so schnell wie m\u00f6glich angemessene Ma\u00dfnahmen.<\/strong><\/p>\n","protected":false},"excerpt":{"rendered":"<p>Haftungsausschluss Die \u201ePippin-Auszeichnungen\u201c-Toplisten dienen ausschlie\u00dflich Forschungs- und Informationszwecken. Alle Daten stammen aus \u00f6ffentlich zug\u00e4nglichen Quellen und werden entsprechend zusammengestellt und geordnet. Mit der Ver\u00f6ffentlichung dieser Informationen beanspruchen wir weder Eigentum an externen Inhalten noch garantieren wir f\u00fcr deren vollst\u00e4ndige Richtigkeit oder aktuelle Relevanz. Wir respektieren die Rechte von Einzelpersonen, Organisationen und Urheberrechtsinhabern. Solltest du der Meinung sein, dass ein Eintrag, eine Referenz oder ein Datensatz in den Pippin-Auszeichnungen deine Rechte verletzt oder anderweitig problematisch ist, nehmen wir dein Anliegen ernst. [&hellip;]<\/p>\n","protected":false},"author":1,"featured_media":0,"parent":0,"menu_order":0,"comment_status":"closed","ping_status":"closed","template":"","meta":{"_coblocks_attr":"","_coblocks_dimensions":"","_coblocks_responsive_height":"","_coblocks_accordion_ie_support":"","content-type":"","footnotes":""},"class_list":["post-3073","page","type-page","status-publish","hentry"],"_links":{"self":[{"href":"https:\/\/pippinclub.com\/de\/wp-json\/wp\/v2\/pages\/3073","targetHints":{"allow":["GET"]}}],"collection":[{"href":"https:\/\/pippinclub.com\/de\/wp-json\/wp\/v2\/pages"}],"about":[{"href":"https:\/\/pippinclub.com\/de\/wp-json\/wp\/v2\/types\/page"}],"author":[{"embeddable":true,"href":"https:\/\/pippinclub.com\/de\/wp-json\/wp\/v2\/users\/1"}],"replies":[{"embeddable":true,"href":"https:\/\/pippinclub.com\/de\/wp-json\/wp\/v2\/comments?post=3073"}],"version-history":[{"count":9,"href":"https:\/\/pippinclub.com\/de\/wp-json\/wp\/v2\/pages\/3073\/revisions"}],"predecessor-version":[{"id":3707,"href":"https:\/\/pippinclub.com\/de\/wp-json\/wp\/v2\/pages\/3073\/revisions\/3707"}],"wp:attachment":[{"href":"https:\/\/pippinclub.com\/de\/wp-json\/wp\/v2\/media?parent=3073"}],"curies":[{"name":"wp","href":"https:\/\/api.w.org\/{rel}","templated":true}]}}