{"id":3100,"date":"2024-10-08T17:47:23","date_gmt":"2024-10-08T17:47:23","guid":{"rendered":"https:\/\/pippinclub.com\/privacy-policy\/"},"modified":"2025-10-07T13:15:29","modified_gmt":"2025-10-07T13:15:29","slug":"datenschutzerklaerung","status":"publish","type":"page","link":"https:\/\/pippinclub.com\/de\/datenschutzerklaerung\/","title":{"rendered":"Datenschutzerkl\u00e4rung"},"content":{"rendered":"\n<h2 class=\"wp-block-heading\">Wer wir sind<\/h2>\n\n\n\n<p>Willkommen auf pippinclub.com! Durch die Nutzung unserer Website stimmst du den folgenden Gesch\u00e4ftsbedingungen zu. Bitte lies sie sorgf\u00e4ltig durch, bevor du auf einen Teil unserer Website zugreifst oder ihn nutzt.<\/p>\n\n\n\n<h2 class=\"wp-block-heading\">Eingebettete Inhalte von anderen Websites<\/h2>\n\n\n\n<p>Artikel auf dieser Website k\u00f6nnen eingebettete Inhalte enthalten (z.\u202fB. Videos, Bilder, Artikel usw.). Eingebettete Inhalte von anderen Websites verhalten sich genau so, als h\u00e4tte der Besucher die jeweilige Website direkt besucht.<\/p>\n\n\n\n<p>Diese Websites k\u00f6nnen Daten \u00fcber dich sammeln, Cookies verwenden, zus\u00e4tzliches Tracking durch Dritte einbetten und deine Interaktion mit diesen Inhalten \u00fcberwachen \u2013 einschlie\u00dflich der Nachverfolgung deiner Interaktion, wenn du ein Konto hast und auf dieser Website angemeldet bist.<\/p>\n\n\n\n<h2 class=\"wp-block-heading\">Haftungsbeschr\u00e4nkung<\/h2>\n\n\n\n<p>Wir bem\u00fchen uns, die Richtigkeit und Zuverl\u00e4ssigkeit der Informationen auf pippinclub.com sicherzustellen. Dennoch \u00fcbernehmen wir keine Garantie daf\u00fcr, dass die Inhalte fehlerfrei sind oder dass die Website jederzeit ohne Unterbrechung verf\u00fcgbar ist. Wir haften nicht f\u00fcr Sch\u00e4den, die aus der Nutzung oder der Unm\u00f6glichkeit der Nutzung unserer Website entstehen.<\/p>\n\n\n<h2><strong>Auslegung und Begriffsbestimmungen<\/strong><\/h2>\n<h3><strong>Auslegung<\/strong><\/h3>\n<p>W\u00f6rter, deren Anfangsbuchstaben gro\u00dfgeschrieben sind, haben die unter den folgenden Bedingungen festgelegte Bedeutung. Diese Definitionen gelten unabh\u00e4ngig davon, ob sie im Singular oder Plural verwendet werden.<\/p>\n<h2><strong>Begriffsbestimmungen<\/strong><\/h2>\n<p>F\u00fcr die Zwecke dieser Datenschutzerkl\u00e4rung gilt:<\/p>\n<ul>\n<li>\n<p><strong>Konto<\/strong> bezeichnet ein eindeutiges Konto, das f\u00fcr dich erstellt wurde, um auf unseren Service oder Teile davon zuzugreifen.<\/p>\n<\/li>\n<li>\n<p><strong>Affiliate<\/strong> bezeichnet ein Unternehmen, das eine Partei kontrolliert, von ihr kontrolliert wird oder unter gemeinsamer Kontrolle mit ihr steht. \u201eKontrolle\u201c bedeutet den Besitz von 50\u202f% oder mehr der Anteile, Beteiligungen oder anderer stimmberechtigter Wertpapiere zur Wahl von Direktoren oder einer anderen Leitungsinstanz.<\/p>\n<\/li>\n<li>\n<p><strong>Unternehmen<\/strong> (in dieser Erkl\u00e4rung auch \u201edas Unternehmen\u201c, \u201ewir\u201c, \u201euns\u201c oder \u201eunser\u201c genannt) bezieht sich auf Pippin Club.<\/p>\n<\/li>\n<li>\n<p><strong>Cookies<\/strong> sind kleine Dateien, die von einer Website auf deinem Computer, Mobilger\u00e4t oder einem anderen Ger\u00e4t gespeichert werden und unter anderem Informationen \u00fcber deinen Browserverlauf enthalten.<\/p>\n<\/li>\n<li>\n<p><strong>Ger\u00e4t<\/strong> bezeichnet jedes Ger\u00e4t, das auf den Service zugreifen kann, z.\u202fB. Computer, Mobiltelefon oder Tablet.<\/p>\n<\/li>\n<li>\n<p><strong>Personenbezogene Daten<\/strong> sind alle Informationen, die sich auf eine identifizierte oder identifizierbare Person beziehen.<\/p>\n<\/li>\n<li>\n<p><strong>Service<\/strong> bezieht sich auf die Website.<\/p>\n<\/li>\n<li>\n<p><strong>Dienstleister<\/strong> bezeichnet jede nat\u00fcrliche oder juristische Person, die Daten im Auftrag des Unternehmens verarbeitet. Dazu geh\u00f6ren Drittanbieter oder Einzelpersonen, die vom Unternehmen beauftragt werden, den Service zu erm\u00f6glichen, im Namen des Unternehmens anzubieten, servicebezogene Leistungen zu erbringen oder bei der Analyse der Servicenutzung zu unterst\u00fctzen.<\/p>\n<\/li>\n<li>\n<p><strong>Drittanbieter-Social-Media-Dienst<\/strong> bezeichnet jede Website oder jedes soziale Netzwerk, \u00fcber das sich Nutzer anmelden oder ein Konto erstellen k\u00f6nnen, um den Service zu nutzen.<\/p>\n<\/li>\n<li>\n<p><strong>Nutzungsdaten<\/strong> sind Daten, die automatisch erfasst werden \u2013 entweder durch die Nutzung des Services oder durch die Service-Infrastruktur selbst (z.\u202fB. die Dauer eines Seitenbesuchs).<\/p>\n<\/li>\n<li>\n<p><strong>Website<\/strong> bezieht sich auf Pippin Club, erreichbar unter <a href=\"https:\/\/pippinclub.com\/de\/\">pippinclub.com<\/a>.<\/p>\n<\/li>\n<li>\n<p><strong>Du<\/strong> bezeichnet die Person, die auf den Service zugreift oder ihn nutzt, oder \u2013 sofern zutreffend \u2013 das Unternehmen oder die andere juristische Person, in deren Namen diese Person auf den Service zugreift oder ihn nutzt.<\/p>\n<\/li>\n<\/ul>\n<h2><strong>Erfassung und Verwendung deiner personenbezogenen Daten<\/strong><br \/><strong>Nutzungsdaten<\/strong><\/h2>\n<p>Nutzungsdaten werden automatisch erfasst, wenn du den Service nutzt.<\/p>\n<p>Diese Daten k\u00f6nnen Informationen wie deine IP-Adresse, Browsertyp, Browserversion, die besuchten Seiten unseres Services, Datum und Uhrzeit des Besuchs, die auf den Seiten verbrachte Zeit, eindeutige Ger\u00e4tekennungen und andere Diagnosedaten enthalten.<\/p>\n<p>Wenn du \u00fcber ein Mobilger\u00e4t auf den Service zugreifst, k\u00f6nnen wir zus\u00e4tzlich automatisch Informationen wie den Ger\u00e4tetyp, eine eindeutige Ger\u00e4te-ID, die IP-Adresse des Ger\u00e4ts, das Betriebssystem, den verwendeten mobilen Browsertyp, eindeutige Kennungen und weitere Diagnosedaten erfassen.<\/p>\n<p>Wir k\u00f6nnen au\u00dferdem Informationen sammeln, die dein Browser sendet, wenn du unseren Service besuchst oder \u00fcber ein Mobilger\u00e4t aufrufst.<\/p>\n<p><strong>Tracking-Technologien und Cookies<\/strong><\/p>\n<p>Wir verwenden Cookies und \u00e4hnliche Tracking-Technologien, um Aktivit\u00e4ten auf unserem Service zu verfolgen und bestimmte Informationen zu speichern. Zu den verwendeten Technologien geh\u00f6ren Beacons, Tags und Skripte, die Informationen erfassen, verfolgen sowie unseren Service verbessern und analysieren. Die eingesetzten Technologien umfassen:<\/p>\n<p><strong>Cookies oder Browser-Cookies<\/strong><br \/>Ein Cookie ist eine kleine Datei, die auf deinem Ger\u00e4t gespeichert wird. Du kannst deinen Browser anweisen, alle Cookies abzulehnen oder anzugeben, wenn ein Cookie gesendet wird. Wenn du jedoch Cookies nicht akzeptierst, kannst du m\u00f6glicherweise einige Teile unseres Services nicht nutzen. Sofern du deine Browsereinstellungen nicht entsprechend angepasst hast, verwendet unser Service Cookies.<\/p>\n<p><strong>Web-Beacons<\/strong><br \/>Bestimmte Bereiche unseres Services und unserer E-Mails k\u00f6nnen kleine elektronische Dateien enthalten, sogenannte Web-Beacons (auch Clear GIFs, Pixel-Tags oder Single-Pixel-GIFs genannt), die es uns beispielsweise erm\u00f6glichen, Nutzer zu z\u00e4hlen, die eine Seite besucht oder eine E-Mail ge\u00f6ffnet haben, sowie andere statistische Daten \u00fcber die Website zu erfassen (z.\u202fB. Beliebtheit eines Bereichs, System- und Serverintegrit\u00e4t).<\/p>\n<p><strong>Cookies-Arten<\/strong><br \/>Cookies k\u00f6nnen \u201epersistente\u201c oder \u201eSitzungs\u201c-Cookies sein. Persistente Cookies bleiben auf deinem Ger\u00e4t gespeichert, wenn du offline gehst, w\u00e4hrend Sitzungs-Cookies gel\u00f6scht werden, sobald du deinen Webbrowser schlie\u00dft. Mehr \u00fcber Cookies erf\u00e4hrst du im Artikel auf der Website von TermsFeed.<\/p>\n<p><strong>Wir verwenden sowohl Sitzungs- als auch persistente Cookies f\u00fcr folgende Zwecke:<\/strong><\/p>\n<hr \/>\n<p><strong>Notwendige \/ Essenzielle Cookies<\/strong><br \/><strong>Typ:<\/strong> Sitzungs-Cookies<br \/><strong>Verwaltet von:<\/strong> Uns<br \/><strong>Zweck:<\/strong> Diese Cookies sind notwendig, um dir Dienste \u00fcber die Website bereitzustellen und bestimmte Funktionen zu erm\u00f6glichen. Sie helfen, Nutzer zu authentifizieren und missbr\u00e4uchliche Nutzung von Konten zu verhindern. Ohne diese Cookies k\u00f6nnen die angeforderten Dienste nicht bereitgestellt werden.<\/p>\n<hr \/>\n<p><strong>Cookies zur Zustimmung der Cookie-Richtlinie \/ des Cookie-Hinweises<\/strong><br \/><strong>Typ:<\/strong> Persistente Cookies<br \/><strong>Verwaltet von:<\/strong> Uns<br \/><strong>Zweck:<\/strong> Diese Cookies erkennen, ob Nutzer der Verwendung von Cookies auf der Website zugestimmt haben.<\/p>\n<hr \/>\n<p><strong>Funktionalit\u00e4ts-Cookies<\/strong><br \/><strong>Typ:<\/strong> Persistente Cookies<br \/><strong>Verwaltet von:<\/strong> Uns<br \/><strong>Zweck:<\/strong> Diese Cookies speichern deine Entscheidungen bei der Nutzung der Website, wie z.\u202fB. Anmeldedaten oder Spracheinstellungen, um dir ein pers\u00f6nlicheres Erlebnis zu bieten und zu vermeiden, dass du deine Einstellungen jedes Mal erneut eingeben musst.<\/p>\n<hr \/>\n<p><strong>Weitere Informationen zu den von uns verwendeten Cookies und deinen Wahlm\u00f6glichkeiten findest du in unserer Cookie-Richtlinie oder im Abschnitt \u201eCookies\u201c unserer Datenschutzerkl\u00e4rung.<\/strong><\/p>\n<hr \/>\n<h3><strong>Verwendung deiner personenbezogenen Daten<\/strong><\/h3>\n<p>Das Unternehmen kann personenbezogene Daten zu folgenden Zwecken verwenden:<\/p>\n<ul>\n<li>\n<p><strong>Bereitstellung und Wartung des Services<\/strong>, einschlie\u00dflich der \u00dcberwachung der Nutzung.<\/p>\n<\/li>\n<li>\n<p><strong>Kontoverwaltung<\/strong>: zur Verwaltung deiner Registrierung als Nutzer. Die bereitgestellten Daten erm\u00f6glichen den Zugriff auf bestimmte Funktionen f\u00fcr registrierte Nutzer.<\/p>\n<\/li>\n<li>\n<p><strong>Vertragserf\u00fcllung<\/strong>: zur Durchf\u00fchrung von Vertr\u00e4gen \u00fcber Produkte, Dienstleistungen oder sonstige Vereinbarungen \u00fcber den Service.<\/p>\n<\/li>\n<li>\n<p><strong>Kontaktaufnahme mit dir<\/strong>: per E-Mail, Telefon, SMS oder anderen elektronischen Kommunikationswegen (z.\u202fB. Push-Benachrichtigungen), um dich \u00fcber Funktionen, Produkte oder Sicherheitsupdates zu informieren.<\/p>\n<\/li>\n<li>\n<p><strong>Bereitstellung von Informationen und Angeboten<\/strong>, die \u00e4hnlich zu bereits gekauften oder angefragten Produkten und Dienstleistungen sind, sofern du dem nicht widersprochen hast.<\/p>\n<\/li>\n<li>\n<p><strong>Verwaltung deiner Anfragen<\/strong> an uns.<\/p>\n<\/li>\n<li>\n<p><strong>Gesch\u00e4fts\u00fcbertragungen<\/strong>: zur Bewertung oder Durchf\u00fchrung von Fusionen, Verk\u00e4ufen, Umstrukturierungen, Insolvenzen o.\u202f\u00c4., bei denen deine personenbezogenen Daten \u00fcbertragen werden k\u00f6nnen.<\/p>\n<\/li>\n<li>\n<p><strong>Weitere Zwecke<\/strong>: wie Datenanalyse, Erkennung von Nutzungstrends, Bewertung von Werbekampagnen und Verbesserung von Service, Produkten und Nutzererfahrung.<\/p>\n<\/li>\n<\/ul>\n<hr \/>\n<h3><strong>Weitergabe deiner personenbezogenen Daten<\/strong><\/h3>\n<p>Wir k\u00f6nnen deine personenbezogenen Daten in den folgenden F\u00e4llen weitergeben:<\/p>\n<ul>\n<li>\n<p><strong>Mit Dienstleistern<\/strong>, zur Analyse der Nutzung des Services oder zur Kontaktaufnahme mit dir.<\/p>\n<\/li>\n<li>\n<p><strong>Bei Gesch\u00e4fts\u00fcbertragungen<\/strong>, z.\u202fB. im Rahmen von Verhandlungen oder Abschl\u00fcssen von Fusionen oder Unternehmensverk\u00e4ufen.<\/p>\n<\/li>\n<li>\n<p><strong>Mit verbundenen Unternehmen<\/strong> (Muttergesellschaft, Tochtergesellschaften, Joint Ventures), sofern sie sich an diese Datenschutzerkl\u00e4rung halten.<\/p>\n<\/li>\n<li>\n<p><strong>Mit Gesch\u00e4ftspartnern<\/strong>, zur Bereitstellung von Angeboten, Produkten oder Dienstleistungen.<\/p>\n<\/li>\n<li>\n<p><strong>Mit anderen Nutzern<\/strong>, wenn du Informationen \u00f6ffentlich teilst oder \u00fcber Drittanbieter-Social-Media-Dienste interagierst. Diese Daten k\u00f6nnen \u00f6ffentlich einsehbar und au\u00dferhalb weiterverbreitet werden.<\/p>\n<\/li>\n<li>\n<p><strong>Mit deiner Zustimmung<\/strong>, wenn du ausdr\u00fccklich zustimmst, dass wir deine Daten zu bestimmten Zwecken weitergeben d\u00fcrfen.<\/p>\n<\/li>\n<\/ul>\n<hr \/>\n<h3><strong>Aufbewahrung deiner personenbezogenen Daten<\/strong><\/h3>\n<p>Das Unternehmen speichert deine personenbezogenen Daten nur so lange, wie es f\u00fcr die in dieser Datenschutzerkl\u00e4rung beschriebenen Zwecke erforderlich ist. Wir bewahren Daten auch auf, soweit dies zur Einhaltung rechtlicher Verpflichtungen, zur Beilegung von Streitigkeiten und zur Durchsetzung unserer Richtlinien notwendig ist.<\/p>\n<p><strong>Nutzungsdaten<\/strong> werden in der Regel f\u00fcr einen k\u00fcrzeren Zeitraum aufbewahrt \u2013 au\u00dfer wenn sie zur Sicherheitsverbesserung, Funktionsoptimierung oder aufgrund gesetzlicher Vorgaben l\u00e4nger gespeichert werden m\u00fcssen.<\/p>\n<p><strong>\u00dcbermittlung deiner personenbezogenen Daten<\/strong><\/p>\n<p>Deine Daten, einschlie\u00dflich personenbezogener Daten, werden in den Gesch\u00e4ftsr\u00e4umen des Unternehmens und an allen anderen Orten verarbeitet, an denen sich die an der Verarbeitung beteiligten Parteien befinden. Das bedeutet, dass deine Informationen auf Computer \u00fcbertragen und dort gespeichert werden k\u00f6nnen, die sich au\u00dferhalb deines Bundeslands, deiner Provinz, deines Landes oder einer anderen staatlichen Gerichtsbarkeit befinden, in der die Datenschutzgesetze von denen deiner Gerichtsbarkeit abweichen k\u00f6nnen.<\/p>\n<p>Deine Zustimmung zu dieser Datenschutzerkl\u00e4rung und die anschlie\u00dfende \u00dcbermittlung deiner Daten stellen dein Einverst\u00e4ndnis mit dieser \u00dcbertragung dar.<\/p>\n<p>Das Unternehmen wird alle angemessenen Ma\u00dfnahmen ergreifen, um sicherzustellen, dass deine Daten sicher und im Einklang mit dieser Datenschutzerkl\u00e4rung behandelt werden. Eine \u00dcbertragung deiner personenbezogenen Daten an Organisationen oder L\u00e4nder erfolgt nur, wenn angemessene Kontrollmechanismen \u2013 insbesondere zum Schutz deiner Daten \u2013 vorhanden sind.<\/p>\n<hr \/>\n<p><strong>L\u00f6schung deiner personenbezogenen Daten<\/strong><\/p>\n<p>Du hast das Recht, deine personenbezogenen Daten zu l\u00f6schen oder uns mit der L\u00f6schung zu beauftragen.<\/p>\n<p>Unser Service kann dir erm\u00f6glichen, bestimmte Informationen direkt innerhalb deines Kontos zu l\u00f6schen.<\/p>\n<p>Du kannst deine Informationen jederzeit aktualisieren, \u00e4ndern oder l\u00f6schen, indem du dich in dein Konto einloggst (sofern vorhanden) und die Kontoeinstellungen aufrufst. Du kannst uns auch kontaktieren, um Zugriff auf deine personenbezogenen Daten zu erhalten, sie zu berichtigen oder l\u00f6schen zu lassen.<\/p>\n<p>Bitte beachte, dass wir bestimmte Informationen aufbewahren m\u00fcssen, wenn wir gesetzlich dazu verpflichtet sind oder eine rechtm\u00e4\u00dfige Grundlage daf\u00fcr besteht.<\/p>\n<hr \/>\n<p><strong>Offenlegung deiner personenbezogenen Daten<\/strong><\/p>\n<p><strong>Gesch\u00e4ftstransaktionen<\/strong><br \/>Wenn das Unternehmen an einer Fusion, \u00dcbernahme oder Ver\u00e4u\u00dferung von Verm\u00f6genswerten beteiligt ist, k\u00f6nnen deine personenbezogenen Daten \u00fcbertragen werden. Wir werden dich informieren, bevor deine Daten \u00fcbertragen werden und einer anderen Datenschutzerkl\u00e4rung unterliegen.<\/p>\n<p><strong>Strafverfolgung<\/strong><br \/>In bestimmten F\u00e4llen kann das Unternehmen verpflichtet sein, deine personenbezogenen Daten offenzulegen \u2013 etwa auf Grundlage gesetzlicher Vorschriften oder auf Anfrage von Beh\u00f6rden (z.\u202fB. Gerichten oder Regierungsstellen).<\/p>\n<p><strong>Andere rechtliche Anforderungen<\/strong><br \/>Das Unternehmen kann deine personenbezogenen Daten offenlegen, wenn dies in gutem Glauben erforderlich ist, um:<\/p>\n<ul>\n<li>\n<p>einer gesetzlichen Verpflichtung nachzukommen,<\/p>\n<\/li>\n<li>\n<p>die Rechte oder das Eigentum des Unternehmens zu sch\u00fctzen und zu verteidigen,<\/p>\n<\/li>\n<li>\n<p>m\u00f6glichem Fehlverhalten im Zusammenhang mit dem Service vorzubeugen oder es zu untersuchen,<\/p>\n<\/li>\n<li>\n<p>die pers\u00f6nliche Sicherheit der Nutzer des Services oder der \u00d6ffentlichkeit zu sch\u00fctzen,<\/p>\n<\/li>\n<li>\n<p>sich vor rechtlicher Haftung zu sch\u00fctzen.<\/p>\n<\/li>\n<\/ul>\n<hr \/>\n<p><strong>Sicherheit deiner personenbezogenen Daten<\/strong><\/p>\n<p>Der Schutz deiner personenbezogenen Daten ist uns wichtig. Bitte beachte jedoch, dass keine Methode der Daten\u00fcbertragung \u00fcber das Internet oder der elektronischen Speicherung zu 100\u202f% sicher ist. Wir bem\u00fchen uns, wirtschaftlich vertretbare Ma\u00dfnahmen zum Schutz deiner Daten zu ergreifen, k\u00f6nnen aber keine absolute Sicherheit garantieren.<\/p>\n<hr \/>\n<p><strong>Datenschutz von Kindern<\/strong><\/p>\n<p>Unser Service richtet sich nicht an Personen unter 13 Jahren. Wir sammeln nicht wissentlich personenbezogene Daten von Personen unter 13 Jahren. Wenn du ein Elternteil oder Erziehungsberechtigter bist und feststellst, dass dein Kind uns personenbezogene Daten \u00fcbermittelt hat, kontaktiere uns bitte. Wenn wir erfahren, dass wir ohne Zustimmung der Eltern personenbezogene Daten von Kindern unter 13 Jahren erfasst haben, l\u00f6schen wir diese umgehend von unseren Servern.<\/p>\n<p>Wenn wir f\u00fcr die Verarbeitung deiner Daten auf eine Einwilligung angewiesen sind und dein Land die Zustimmung eines Elternteils verlangt, k\u00f6nnen wir diese Zustimmung einfordern, bevor wir Daten erfassen oder verwenden.<\/p>\n<hr \/>\n<p><strong>Links zu anderen Websites<\/strong><\/p>\n<p>Unser Service kann Links zu Websites Dritter enthalten, die nicht von uns betrieben werden. Wenn du auf einen solchen Link klickst, wirst du zur entsprechenden externen Website weitergeleitet. Wir empfehlen dir dringend, die Datenschutzerkl\u00e4rung jeder Website, die du besuchst, sorgf\u00e4ltig zu lesen.<\/p>\n<p>Wir haben keinen Einfluss auf die Inhalte, Datenschutzrichtlinien oder Praktiken von Websites oder Diensten Dritter und \u00fcbernehmen hierf\u00fcr keine Verantwortung.<\/p>\n<hr \/>\n<p><strong>\u00c4nderungen dieser Datenschutzerkl\u00e4rung<\/strong><\/p>\n<p>Wir behalten uns vor, diese Datenschutzerkl\u00e4rung gelegentlich zu aktualisieren. \u00c4nderungen werden auf dieser Seite ver\u00f6ffentlicht.<\/p>\n<p>Vor dem Inkrafttreten der \u00c4nderungen informieren wir dich per E-Mail und\/oder durch einen gut sichtbaren Hinweis im Service und passen das \u201eZuletzt aktualisiert\u201c-Datum oben in dieser Erkl\u00e4rung an.<\/p>\n<p>Wir empfehlen dir, diese Datenschutzerkl\u00e4rung regelm\u00e4\u00dfig zu \u00fcberpr\u00fcfen. \u00c4nderungen treten in Kraft, sobald sie auf dieser Seite ver\u00f6ffentlicht wurden.<\/p>\n<hr \/>\n<p><strong>Kontakt<\/strong><\/p>\n<p>Wenn du Fragen zu dieser Datenschutzerkl\u00e4rung hast, erreichst du uns unter:<br \/><strong><a href=\"mailto:contact@pippinclub.com\">contact@pippinclub.com<\/a><\/strong><\/p>\n\n\n<p><\/p>\n","protected":false},"excerpt":{"rendered":"<p>Wer wir sind Willkommen auf pippinclub.com! Durch die Nutzung unserer Website stimmst du den folgenden Gesch\u00e4ftsbedingungen zu. Bitte lies sie sorgf\u00e4ltig durch, bevor du auf einen Teil unserer Website zugreifst oder ihn nutzt. Eingebettete Inhalte von anderen Websites Artikel auf dieser Website k\u00f6nnen eingebettete Inhalte enthalten (z.\u202fB. Videos, Bilder, Artikel usw.). Eingebettete Inhalte von anderen Websites verhalten sich genau so, als h\u00e4tte der Besucher die jeweilige Website direkt besucht. Diese Websites k\u00f6nnen Daten \u00fcber dich sammeln, Cookies verwenden, zus\u00e4tzliches Tracking [&hellip;]<\/p>\n","protected":false},"author":1,"featured_media":3099,"parent":0,"menu_order":0,"comment_status":"closed","ping_status":"open","template":"","meta":{"_coblocks_attr":"","_coblocks_dimensions":"","_coblocks_responsive_height":"","_coblocks_accordion_ie_support":"","content-type":"","footnotes":""},"class_list":["post-3100","page","type-page","status-publish","has-post-thumbnail","hentry"],"_links":{"self":[{"href":"https:\/\/pippinclub.com\/de\/wp-json\/wp\/v2\/pages\/3100","targetHints":{"allow":["GET"]}}],"collection":[{"href":"https:\/\/pippinclub.com\/de\/wp-json\/wp\/v2\/pages"}],"about":[{"href":"https:\/\/pippinclub.com\/de\/wp-json\/wp\/v2\/types\/page"}],"author":[{"embeddable":true,"href":"https:\/\/pippinclub.com\/de\/wp-json\/wp\/v2\/users\/1"}],"replies":[{"embeddable":true,"href":"https:\/\/pippinclub.com\/de\/wp-json\/wp\/v2\/comments?post=3100"}],"version-history":[{"count":1,"href":"https:\/\/pippinclub.com\/de\/wp-json\/wp\/v2\/pages\/3100\/revisions"}],"predecessor-version":[{"id":3103,"href":"https:\/\/pippinclub.com\/de\/wp-json\/wp\/v2\/pages\/3100\/revisions\/3103"}],"wp:featuredmedia":[{"embeddable":true,"href":"https:\/\/pippinclub.com\/de\/wp-json\/wp\/v2\/media\/3099"}],"wp:attachment":[{"href":"https:\/\/pippinclub.com\/de\/wp-json\/wp\/v2\/media?parent=3100"}],"curies":[{"name":"wp","href":"https:\/\/api.w.org\/{rel}","templated":true}]}}