{"id":3110,"date":"2024-10-09T21:31:21","date_gmt":"2024-10-09T21:31:21","guid":{"rendered":"https:\/\/pippinclub.com\/?page_id=3110"},"modified":"2025-10-08T12:17:20","modified_gmt":"2025-10-08T12:17:20","slug":"affiliate-offenlegung","status":"publish","type":"page","link":"https:\/\/pippinclub.com\/de\/affiliate-offenlegung\/","title":{"rendered":"Affiliate-Offenlegung"},"content":{"rendered":"\n<p>Pippin Club (pippinclub.com) ist deine erste Anlaufstelle f\u00fcr alles rund um OnlyFans \u2013 und noch viel mehr! Wir bieten hilfreiche Ratschl\u00e4ge, Anleitungen, Tipps und Bewertungen zu OnlyFans und \u00e4hnlichen Plattformen. Um es dir einfacher zu machen, verlinken wir gelegentlich auf andere Websites, auf denen du die besten Angebote, Services oder Preisvergleiche f\u00fcr bestimmte Produkte findest.<\/p>\n\n<p>Wenn du \u00fcber einen unserer Links etwas kaufst oder dich auf einer dieser Seiten anmeldest, erhalten wir m\u00f6glicherweise eine Provision. Keine Sorge \u2013 f\u00fcr dich entstehen dabei keine zus\u00e4tzlichen Kosten! Au\u00dferdem empfehlen wir nur Seiten, denen wir vertrauen und die wir f\u00fcr sicher halten.<\/p>\n","protected":false},"excerpt":{"rendered":"<p>Pippin Club (pippinclub.com) ist deine erste Anlaufstelle f\u00fcr alles rund um OnlyFans \u2013 und noch viel mehr! Wir bieten hilfreiche Ratschl\u00e4ge, Anleitungen, Tipps und Bewertungen zu OnlyFans und \u00e4hnlichen Plattformen. Um es dir einfacher zu machen, verlinken wir gelegentlich auf andere Websites, auf denen du die besten Angebote, Services oder Preisvergleiche f\u00fcr bestimmte Produkte findest. Wenn du \u00fcber einen unserer Links etwas kaufst oder dich auf einer dieser Seiten anmeldest, erhalten wir m\u00f6glicherweise eine Provision. Keine Sorge \u2013 f\u00fcr dich [&hellip;]<\/p>\n","protected":false},"author":1,"featured_media":3099,"parent":0,"menu_order":0,"comment_status":"closed","ping_status":"closed","template":"","meta":{"_coblocks_attr":"","_coblocks_dimensions":"","_coblocks_responsive_height":"","_coblocks_accordion_ie_support":"","content-type":"","footnotes":""},"class_list":["post-3110","page","type-page","status-publish","has-post-thumbnail","hentry"],"_links":{"self":[{"href":"https:\/\/pippinclub.com\/de\/wp-json\/wp\/v2\/pages\/3110","targetHints":{"allow":["GET"]}}],"collection":[{"href":"https:\/\/pippinclub.com\/de\/wp-json\/wp\/v2\/pages"}],"about":[{"href":"https:\/\/pippinclub.com\/de\/wp-json\/wp\/v2\/types\/page"}],"author":[{"embeddable":true,"href":"https:\/\/pippinclub.com\/de\/wp-json\/wp\/v2\/users\/1"}],"replies":[{"embeddable":true,"href":"https:\/\/pippinclub.com\/de\/wp-json\/wp\/v2\/comments?post=3110"}],"version-history":[{"count":3,"href":"https:\/\/pippinclub.com\/de\/wp-json\/wp\/v2\/pages\/3110\/revisions"}],"predecessor-version":[{"id":3115,"href":"https:\/\/pippinclub.com\/de\/wp-json\/wp\/v2\/pages\/3110\/revisions\/3115"}],"wp:featuredmedia":[{"embeddable":true,"href":"https:\/\/pippinclub.com\/de\/wp-json\/wp\/v2\/media\/3099"}],"wp:attachment":[{"href":"https:\/\/pippinclub.com\/de\/wp-json\/wp\/v2\/media?parent=3110"}],"curies":[{"name":"wp","href":"https:\/\/api.w.org\/{rel}","templated":true}]}}