{"id":4349,"date":"2024-10-09T21:40:10","date_gmt":"2024-10-09T21:40:10","guid":{"rendered":"https:\/\/pippinclub.com\/about-us\/"},"modified":"2025-10-17T12:58:54","modified_gmt":"2025-10-17T12:58:54","slug":"sobre-nosotros","status":"publish","type":"page","link":"https:\/\/pippinclub.com\/es\/sobre-nosotros\/","title":{"rendered":"Sobre Nosotros"},"content":{"rendered":"\n\n<p>Bienvenido a Pippin Club, el destino ideal para todos los involucrados en el mundo de OnlyFans. Ya seas creador, agencia, proveedor de tr\u00e1fico, reclutador de modelos o simplemente est\u00e9s buscando entrar en la industria, estamos aqu\u00ed para ayudarte a crecer, conectar y triunfar.<\/p>\n\n\n\n\n<h2 class=\"wp-block-heading\">Nuestra Misi\u00f3n<\/h2>\n\n\n\n\n<p>Nos dedicamos a crear la plataforma definitiva para la comunidad de OnlyFans. Nuestro objetivo es reunir a creadores, agencias y afiliados en un mismo espacio donde puedan intercambiar ideas, promocionar sus servicios y acceder a los recursos que necesitan para prosperar.<\/p>\n\n\n\n\n<h2 class=\"wp-block-heading\">Nuestra Visi\u00f3n<\/h2>\n\n\n\n\n<p>En Pippin Club creemos en combinar los negocios con la diversi\u00f3n. Nuestra visi\u00f3n es convertirnos en la plataforma m\u00e1s accesible, imparcial y f\u00e1cil de usar para la comunidad de OnlyFans. Estamos aqu\u00ed para simplificar las cosas, para que puedas concentrarte en lo que realmente importa: construir una carrera exitosa mientras disfrutas del camino.<\/p>\n\n\n\n\n<h2 class=\"wp-block-heading\">Nuestros Valores<\/h2>\n\n\n\n\n<ul class=\"wp-block-list\">\n<li><strong>Confianza y Autoridad<\/strong>: Queremos ser una fuente fiable y respetada tanto para creadores como para profesionales de la industria.<\/li>\n\n\n\n\n<li><strong>Apoyo Imparcial<\/strong>: Ya seas principiante o un profesional con experiencia, ofrecemos asesoramiento y recursos objetivos para ayudarte a tener \u00e9xito.<\/li>\n\n\n\n\n<li><strong>Inclusividad<\/strong>: Todos en la industria son bienvenidos aqu\u00ed. Somos un espacio de colaboraci\u00f3n, no de competencia.<\/li>\n\n\n\n\n<li><strong>Perspectiva Global<\/strong>: Nuestro alcance va m\u00e1s all\u00e1 de cualquier blog, agencia o comunidad individual. Pensamos en grande, y t\u00fa tambi\u00e9n deber\u00edas hacerlo.<\/li>\n\n\n\n\n<li><strong>Diversi\u00f3n y \u00c9xito<\/strong>: No se trata solo de negocios; tambi\u00e9n queremos divertirnos mientras hacemos que nuestra comunidad prospere.<\/li>\n\n\n\n\n<li><strong>Estilo de Vida Saludable<\/strong>: Nuestra plataforma promueve un estilo de vida equilibrado, ofreciendo valor a mujeres y hombres que desean mejorar su vida mientras triunfan en la industria.<\/li>\n<\/ul>\n\n\n\n\n<h2 class=\"wp-block-heading\">\u00danete a la Comunidad<\/h2>\n\n\n\n\n<p>En <strong>Pippin Club<\/strong>, somos m\u00e1s que una plataforma: somos una comunidad. Ya seas un creador en busca de apoyo, una agencia que quiere expandirse o un afiliado en busca de nuevas oportunidades, estamos aqu\u00ed para ayudarte en cada paso del camino.<\/p>\n\n\n\n\n<p>Juntos construiremos algo incre\u00edble.<\/p>\n","protected":false},"excerpt":{"rendered":"<p>Bienvenido a Pippin Club, el destino ideal para todos los involucrados en el mundo de OnlyFans. Ya seas creador, agencia, proveedor de tr\u00e1fico, reclutador de modelos o simplemente est\u00e9s buscando entrar en la industria, estamos aqu\u00ed para ayudarte a crecer, conectar y triunfar. Nuestra Misi\u00f3n Nos dedicamos a crear la plataforma definitiva para la comunidad de OnlyFans. Nuestro objetivo es reunir a creadores, agencias y afiliados en un mismo espacio donde puedan intercambiar ideas, promocionar sus servicios y acceder a [&hellip;]<\/p>\n","protected":false},"author":1,"featured_media":0,"parent":0,"menu_order":0,"comment_status":"closed","ping_status":"closed","template":"","meta":{"_coblocks_attr":"","_coblocks_dimensions":"","_coblocks_responsive_height":"","_coblocks_accordion_ie_support":"","content-type":"","footnotes":""},"class_list":["post-4349","page","type-page","status-publish","hentry"],"_links":{"self":[{"href":"https:\/\/pippinclub.com\/es\/wp-json\/wp\/v2\/pages\/4349","targetHints":{"allow":["GET"]}}],"collection":[{"href":"https:\/\/pippinclub.com\/es\/wp-json\/wp\/v2\/pages"}],"about":[{"href":"https:\/\/pippinclub.com\/es\/wp-json\/wp\/v2\/types\/page"}],"author":[{"embeddable":true,"href":"https:\/\/pippinclub.com\/es\/wp-json\/wp\/v2\/users\/1"}],"replies":[{"embeddable":true,"href":"https:\/\/pippinclub.com\/es\/wp-json\/wp\/v2\/comments?post=4349"}],"version-history":[{"count":1,"href":"https:\/\/pippinclub.com\/es\/wp-json\/wp\/v2\/pages\/4349\/revisions"}],"predecessor-version":[{"id":4351,"href":"https:\/\/pippinclub.com\/es\/wp-json\/wp\/v2\/pages\/4349\/revisions\/4351"}],"wp:attachment":[{"href":"https:\/\/pippinclub.com\/es\/wp-json\/wp\/v2\/media?parent=4349"}],"curies":[{"name":"wp","href":"https:\/\/api.w.org\/{rel}","templated":true}]}}