{"id":4352,"date":"2024-10-09T21:34:10","date_gmt":"2024-10-09T21:34:10","guid":{"rendered":"https:\/\/pippinclub.com\/advertising\/"},"modified":"2025-10-17T13:00:57","modified_gmt":"2025-10-17T13:00:57","slug":"publicidad","status":"publish","type":"page","link":"https:\/\/pippinclub.com\/es\/publicidad\/","title":{"rendered":"Publicidad"},"content":{"rendered":"\n<p>\u00bfQuieres mostrar tu negocio a los miles de visitantes que llegan a Pippin Club cada mes? \u00a1Nos encantar\u00eda hablar contigo! Ponte en contacto con nosotros aqu\u00ed para conocer m\u00e1s sobre nuestras opciones de publicidad. Nuestro equipo responder\u00e1 en un plazo de 2 d\u00edas\u2026 \u00a1o incluso antes!<\/p>\n\n\n\n<p><\/p>\n","protected":false},"excerpt":{"rendered":"<p>\u00bfQuieres mostrar tu negocio a los miles de visitantes que llegan a Pippin Club cada mes? \u00a1Nos encantar\u00eda hablar contigo! Ponte en contacto con nosotros aqu\u00ed para conocer m\u00e1s sobre nuestras opciones de publicidad. Nuestro equipo responder\u00e1 en un plazo de 2 d\u00edas\u2026 \u00a1o incluso antes!<\/p>\n","protected":false},"author":1,"featured_media":4353,"parent":0,"menu_order":0,"comment_status":"closed","ping_status":"closed","template":"","meta":{"_coblocks_attr":"","_coblocks_dimensions":"","_coblocks_responsive_height":"","_coblocks_accordion_ie_support":"","content-type":"","footnotes":""},"class_list":["post-4352","page","type-page","status-publish","has-post-thumbnail","hentry"],"_links":{"self":[{"href":"https:\/\/pippinclub.com\/es\/wp-json\/wp\/v2\/pages\/4352","targetHints":{"allow":["GET"]}}],"collection":[{"href":"https:\/\/pippinclub.com\/es\/wp-json\/wp\/v2\/pages"}],"about":[{"href":"https:\/\/pippinclub.com\/es\/wp-json\/wp\/v2\/types\/page"}],"author":[{"embeddable":true,"href":"https:\/\/pippinclub.com\/es\/wp-json\/wp\/v2\/users\/1"}],"replies":[{"embeddable":true,"href":"https:\/\/pippinclub.com\/es\/wp-json\/wp\/v2\/comments?post=4352"}],"version-history":[{"count":1,"href":"https:\/\/pippinclub.com\/es\/wp-json\/wp\/v2\/pages\/4352\/revisions"}],"predecessor-version":[{"id":4354,"href":"https:\/\/pippinclub.com\/es\/wp-json\/wp\/v2\/pages\/4352\/revisions\/4354"}],"wp:featuredmedia":[{"embeddable":true,"href":"https:\/\/pippinclub.com\/es\/wp-json\/wp\/v2\/media\/4353"}],"wp:attachment":[{"href":"https:\/\/pippinclub.com\/es\/wp-json\/wp\/v2\/media?parent=4352"}],"curies":[{"name":"wp","href":"https:\/\/api.w.org\/{rel}","templated":true}]}}