{"id":4357,"date":"2024-10-09T21:31:21","date_gmt":"2024-10-09T21:31:21","guid":{"rendered":"https:\/\/pippinclub.com\/affiliate-disclosure\/"},"modified":"2025-10-17T13:05:17","modified_gmt":"2025-10-17T13:05:17","slug":"divulgacion-de-afiliados","status":"publish","type":"page","link":"https:\/\/pippinclub.com\/es\/divulgacion-de-afiliados\/","title":{"rendered":"Divulgaci\u00f3n de Afiliados"},"content":{"rendered":"\n\n<p>Pippin Club (pippinclub.com) es tu sitio de referencia para todo lo relacionado con OnlyFans y mucho m\u00e1s. Ofrecemos consejos \u00fatiles, gu\u00edas, trucos y rese\u00f1as sobre OnlyFans y plataformas similares. Para facilitarte las cosas, a veces enlazamos con otros sitios web donde puedes encontrar las mejores ofertas, servicios o comparar precios de productos espec\u00edficos.<\/p>\n\n\n\n\n<p>Cuando haces clic y realizas una compra o te registras en alguno de esos sitios, podemos ganar una comisi\u00f3n. Pero no te preocupes, \u00a1no te costar\u00e1 nada extra! Adem\u00e1s, solo recomendamos sitios en los que confiamos y que consideramos seguros para ti.<\/p>\n\n","protected":false},"excerpt":{"rendered":"<p>Pippin Club (pippinclub.com) es tu sitio de referencia para todo lo relacionado con OnlyFans y mucho m\u00e1s. Ofrecemos consejos \u00fatiles, gu\u00edas, trucos y rese\u00f1as sobre OnlyFans y plataformas similares. Para facilitarte las cosas, a veces enlazamos con otros sitios web donde puedes encontrar las mejores ofertas, servicios o comparar precios de productos espec\u00edficos. Cuando haces clic y realizas una compra o te registras en alguno de esos sitios, podemos ganar una comisi\u00f3n. Pero no te preocupes, \u00a1no te costar\u00e1 nada [&hellip;]<\/p>\n","protected":false},"author":1,"featured_media":4353,"parent":0,"menu_order":0,"comment_status":"closed","ping_status":"closed","template":"","meta":{"_coblocks_attr":"","_coblocks_dimensions":"","_coblocks_responsive_height":"","_coblocks_accordion_ie_support":"","content-type":"","footnotes":""},"class_list":["post-4357","page","type-page","status-publish","has-post-thumbnail","hentry"],"_links":{"self":[{"href":"https:\/\/pippinclub.com\/es\/wp-json\/wp\/v2\/pages\/4357","targetHints":{"allow":["GET"]}}],"collection":[{"href":"https:\/\/pippinclub.com\/es\/wp-json\/wp\/v2\/pages"}],"about":[{"href":"https:\/\/pippinclub.com\/es\/wp-json\/wp\/v2\/types\/page"}],"author":[{"embeddable":true,"href":"https:\/\/pippinclub.com\/es\/wp-json\/wp\/v2\/users\/1"}],"replies":[{"embeddable":true,"href":"https:\/\/pippinclub.com\/es\/wp-json\/wp\/v2\/comments?post=4357"}],"version-history":[{"count":1,"href":"https:\/\/pippinclub.com\/es\/wp-json\/wp\/v2\/pages\/4357\/revisions"}],"predecessor-version":[{"id":4358,"href":"https:\/\/pippinclub.com\/es\/wp-json\/wp\/v2\/pages\/4357\/revisions\/4358"}],"wp:featuredmedia":[{"embeddable":true,"href":"https:\/\/pippinclub.com\/es\/wp-json\/wp\/v2\/media\/4353"}],"wp:attachment":[{"href":"https:\/\/pippinclub.com\/es\/wp-json\/wp\/v2\/media?parent=4357"}],"curies":[{"name":"wp","href":"https:\/\/api.w.org\/{rel}","templated":true}]}}