{"id":4359,"date":"2024-10-08T17:47:23","date_gmt":"2024-10-08T17:47:23","guid":{"rendered":"https:\/\/pippinclub.com\/privacy-policy\/"},"modified":"2025-10-18T13:40:55","modified_gmt":"2025-10-18T13:40:55","slug":"politica-de-privacidad","status":"publish","type":"page","link":"https:\/\/pippinclub.com\/es\/politica-de-privacidad\/","title":{"rendered":"Pol\u00edtica de Privacidad"},"content":{"rendered":"\n<h2 class=\"wp-block-heading\">Qui\u00e9nes somos<\/h2>\n\n\n\n<p>\u00a1Bienvenido a pippinclub.com! Al usar nuestro sitio web, aceptas los siguientes t\u00e9rminos y condiciones. Por favor, l\u00e9elos atentamente antes de acceder o utilizar cualquier parte de nuestro sitio.<\/p>\n\n\n\n<h2 class=\"wp-block-heading\">Contenido incrustado de otros sitios web<\/h2>\n\n\n\n<p>Los art\u00edculos de este sitio pueden incluir contenido incrustado (por ejemplo, videos, im\u00e1genes, art\u00edculos, etc.). El contenido incrustado de otros sitios web se comporta exactamente de la misma manera que si el visitante hubiera accedido directamente a ese otro sitio.<\/p>\n\n\n\n<p>Estos sitios web pueden recopilar datos sobre ti, usar cookies, incrustar seguimiento adicional de terceros y supervisar tu interacci\u00f3n con dicho contenido incrustado, incluido el seguimiento de tu interacci\u00f3n si tienes una cuenta y has iniciado sesi\u00f3n en ese sitio.<\/p>\n\n\n\n<h2 class=\"wp-block-heading\">Limitaci\u00f3n de responsabilidad<\/h2>\n\n\n\n<p>Nos esforzamos por garantizar la precisi\u00f3n y fiabilidad de la informaci\u00f3n en pippinclub.com. Sin embargo, no garantizamos que el contenido est\u00e9 libre de errores ni que el sitio web funcione sin interrupciones o est\u00e9 disponible en todo momento. No seremos responsables de ning\u00fan da\u00f1o derivado del uso o de la imposibilidad de usar nuestro sitio web.<\/p>\n\n\n<h2>Interpretaci\u00f3n y Definiciones<\/h2>\n<h3>Interpretaci\u00f3n<\/h3>\n<p>Las palabras cuya letra inicial est\u00e1 en may\u00fascula tienen los significados definidos en las siguientes condiciones. Las siguientes definiciones tendr\u00e1n el mismo significado independientemente de si aparecen en singular o plural.<\/p>\n<h3>Definiciones<\/h3>\n<p>A los efectos de esta Pol\u00edtica de Privacidad:<\/p>\n<ul>\n<li>\n<p><strong>Cuenta<\/strong> significa una cuenta \u00fanica creada para que accedas a nuestro Servicio o a partes del mismo.<\/p>\n<\/li>\n<li>\n<p><strong>Afiliado<\/strong> significa una entidad que controla, es controlada o est\u00e1 bajo control com\u00fan con una parte, donde \u201ccontrol\u201d significa la propiedad del 50% o m\u00e1s de las acciones, participaci\u00f3n o valores con derecho a voto para la elecci\u00f3n de directores u otra autoridad administrativa.<\/p>\n<\/li>\n<li>\n<p><strong>Compa\u00f1\u00eda<\/strong> (referida como \u201cla Compa\u00f1\u00eda\u201d, \u201cNosotros\u201d o \u201cNuestro\u201d en este Acuerdo) se refiere a Pippin Club.<\/p>\n<\/li>\n<li>\n<p><strong>Cookies<\/strong> son peque\u00f1os archivos que un sitio web coloca en tu ordenador, dispositivo m\u00f3vil u otro dispositivo, y que contienen detalles de tu historial de navegaci\u00f3n en ese sitio web, entre otros usos.<\/p>\n<\/li>\n<li>\n<p><strong>Dispositivo<\/strong> significa cualquier aparato que pueda acceder al Servicio, como un ordenador, un tel\u00e9fono m\u00f3vil o una tableta digital.<\/p>\n<\/li>\n<li>\n<p><strong>Datos Personales<\/strong> son cualquier informaci\u00f3n relacionada con una persona identificada o identificable.<\/p>\n<\/li>\n<li>\n<p><strong>Servicio<\/strong> se refiere al Sitio Web.<\/p>\n<\/li>\n<li>\n<p><strong>Proveedor de Servicios<\/strong> significa cualquier persona f\u00edsica o jur\u00eddica que procese los datos en nombre de la Compa\u00f1\u00eda. Esto incluye a empresas o individuos externos contratados por la Compa\u00f1\u00eda para facilitar el Servicio, prestarlo en su nombre, realizar servicios relacionados con \u00e9l o ayudar a analizar su uso.<\/p>\n<\/li>\n<li>\n<p><strong>Servicio de Redes Sociales de Terceros<\/strong> se refiere a cualquier sitio web o red social a trav\u00e9s de la cual un Usuario pueda iniciar sesi\u00f3n o crear una cuenta para usar el Servicio.<\/p>\n<\/li>\n<li>\n<p><strong>Datos de Uso<\/strong> se refiere a los datos recopilados autom\u00e1ticamente, ya sea generados por el uso del Servicio o por la propia infraestructura del Servicio (por ejemplo, la duraci\u00f3n de una visita a una p\u00e1gina).<\/p>\n<\/li>\n<li>\n<p><strong>Sitio Web<\/strong> se refiere a Pippin Club, accesible desde pippinclub.com<\/p>\n<\/li>\n<li>\n<p><strong>T\u00fa<\/strong> significa la persona que accede o utiliza el Servicio, o la empresa u otra entidad legal en cuyo nombre dicha persona accede o utiliza el Servicio, seg\u00fan corresponda.<\/p>\n<\/li>\n<\/ul>\n<h2>Recopilaci\u00f3n y Uso de tus Datos Personales<\/h2>\n<h2>Datos de Uso<\/h2>\n<p>Los Datos de Uso se recopilan autom\u00e1ticamente al utilizar el Servicio.<\/p>\n<p>Los Datos de Uso pueden incluir informaci\u00f3n como la direcci\u00f3n del Protocolo de Internet (por ejemplo, direcci\u00f3n IP) de tu Dispositivo, el tipo y la versi\u00f3n del navegador, las p\u00e1ginas de nuestro Servicio que visitas, la fecha y hora de tu visita, el tiempo que pasas en esas p\u00e1ginas, identificadores \u00fanicos del dispositivo y otros datos de diagn\u00f3stico.<\/p>\n<p>Cuando accedes al Servicio a trav\u00e9s de un dispositivo m\u00f3vil, podemos recopilar cierta informaci\u00f3n autom\u00e1ticamente, incluyendo, entre otros, el tipo de dispositivo m\u00f3vil que utilizas, el identificador \u00fanico de tu dispositivo, la direcci\u00f3n IP de tu dispositivo m\u00f3vil, el sistema operativo m\u00f3vil, el tipo de navegador de Internet m\u00f3vil que utilizas, identificadores \u00fanicos del dispositivo y otros datos de diagn\u00f3stico.<\/p>\n<p>Tambi\u00e9n podemos recopilar informaci\u00f3n que tu navegador env\u00eda cada vez que visitas nuestro Servicio o cuando accedes al mismo a trav\u00e9s de un dispositivo m\u00f3vil.<\/p>\n<h4>Tecnolog\u00edas de Seguimiento y Cookies<\/h4>\n<p>Utilizamos Cookies y tecnolog\u00edas de seguimiento similares para registrar la actividad en nuestro Servicio y almacenar cierta informaci\u00f3n. Las tecnolog\u00edas de seguimiento utilizadas incluyen balizas, etiquetas y scripts para recopilar y analizar informaci\u00f3n y mejorar nuestro Servicio. Las tecnolog\u00edas que utilizamos pueden incluir:<\/p>\n<ul>\n<li><strong>Cookies o Cookies del Navegador.<\/strong> Una cookie es un peque\u00f1o archivo que se guarda en tu Dispositivo. Puedes configurar tu navegador para rechazar todas las cookies o para avisarte cuando se env\u00ede una cookie. Sin embargo, si no aceptas las cookies, es posible que no puedas utilizar algunas partes de nuestro Servicio. A menos que hayas configurado tu navegador para rechazar cookies, nuestro Servicio puede utilizarlas.<\/li>\n<li><strong>Balizas Web.<\/strong> Ciertas secciones de nuestro Servicio y nuestros correos electr\u00f3nicos pueden contener peque\u00f1os archivos electr\u00f3nicos conocidos como balizas web (tambi\u00e9n llamados gifs transparentes, etiquetas de p\u00edxel o gifs de un solo p\u00edxel) que permiten, por ejemplo, contar los usuarios que han visitado esas p\u00e1ginas o abierto un correo electr\u00f3nico, y obtener estad\u00edsticas relacionadas (como medir la popularidad de una secci\u00f3n o verificar la integridad del sistema y del servidor).<\/li>\n<\/ul>\n<p>Las cookies pueden ser \u201cPersistentes\u201d o de \u201cSesi\u00f3n\u201d. Las Cookies Persistentes permanecen en tu ordenador o dispositivo m\u00f3vil cuando te desconectas, mientras que las Cookies de Sesi\u00f3n se eliminan tan pronto como cierras tu navegador. Puedes obtener m\u00e1s informaci\u00f3n sobre las cookies en el <a href=\"https:\/\/www.termsfeed.com\/blog\/cookies\/#What_Are_Cookies\" target=\"_blank\" rel=\"noopener\">sitio web de TermsFeed<\/a>.<\/p>\n<p>Utilizamos tanto Cookies de Sesi\u00f3n como Persistentes para los siguientes fines:<\/p>\n<ul>\n<li>\n<p><strong>Cookies Necesarias \/ Esenciales<\/strong><\/p>\n<p>Tipo: Cookies de Sesi\u00f3n<\/p>\n<p>Administradas por: Nosotros<\/p>\n<p>Finalidad: Estas cookies son esenciales para ofrecerte los servicios disponibles a trav\u00e9s del Sitio Web y permitirte usar algunas de sus funciones. Ayudan a autenticar a los usuarios y prevenir el uso fraudulento de cuentas. Sin estas cookies, los servicios solicitados no pueden proporcionarse. Solo las usamos para ofrecerte dichos servicios.<\/p>\n<\/li>\n<li>\n<p><strong>Cookies de Pol\u00edtica \/ Aceptaci\u00f3n de Aviso<\/strong><\/p>\n<p>Tipo: Cookies Persistentes<\/p>\n<p>Administradas por: Nosotros<\/p>\n<p>Finalidad: Estas cookies identifican si los usuarios han aceptado el uso de cookies en el Sitio Web.<\/p>\n<\/li>\n<li>\n<p><strong>Cookies de Funcionalidad<\/strong><\/p>\n<p>Tipo: Cookies Persistentes<\/p>\n<p>Administradas por: Nosotros<\/p>\n<p>Finalidad: Estas cookies nos permiten recordar las elecciones que realizas cuando usas el Sitio Web, como tus datos de inicio de sesi\u00f3n o preferencia de idioma. Su prop\u00f3sito es ofrecerte una experiencia m\u00e1s personalizada y evitar que tengas que reingresar tus preferencias cada vez que uses el sitio.<\/p>\n<\/li>\n<\/ul>\n<p>Para obtener m\u00e1s informaci\u00f3n sobre las cookies que utilizamos y tus opciones respecto a ellas, visita nuestra Pol\u00edtica de Cookies o la secci\u00f3n correspondiente en esta Pol\u00edtica de Privacidad.<\/p>\n<h3>Uso de tus Datos Personales<\/h3>\n<p>La Compa\u00f1\u00eda puede utilizar los Datos Personales para los siguientes fines:<\/p>\n<ul>\n<li>\n<p><strong>Proporcionar y mantener nuestro Servicio<\/strong>, incluyendo supervisar su uso.<\/p>\n<\/li>\n<li>\n<p><strong>Gestionar tu Cuenta:<\/strong> administrar tu registro como usuario del Servicio. Los Datos Personales que proporcionas pueden darte acceso a diferentes funciones del Servicio disponibles para los usuarios registrados.<\/p>\n<\/li>\n<li>\n<p><strong>Para la ejecuci\u00f3n de un contrato:<\/strong> el desarrollo, cumplimiento y ejecuci\u00f3n del contrato de compra de los productos, art\u00edculos o servicios que hayas adquirido, o de cualquier otro contrato con Nosotros a trav\u00e9s del Servicio.<\/p>\n<\/li>\n<li>\n<p><strong>Para contactarte:<\/strong> enviarte correos electr\u00f3nicos, llamadas telef\u00f3nicas, SMS u otras formas equivalentes de comunicaci\u00f3n electr\u00f3nica, como notificaciones push de aplicaciones m\u00f3viles, sobre actualizaciones o comunicaciones informativas relacionadas con las funcionalidades, productos o servicios contratados, incluidas actualizaciones de seguridad cuando sea necesario o razonable para su implementaci\u00f3n.<\/p>\n<\/li>\n<li>\n<p><strong>Para ofrecerte<\/strong> noticias, ofertas especiales e informaci\u00f3n general sobre bienes, servicios y eventos similares a los que ya hayas adquirido o consultado, a menos que hayas optado por no recibir dicha informaci\u00f3n.<\/p>\n<\/li>\n<li>\n<p><strong>Gestionar tus solicitudes:<\/strong> atender y gestionar las solicitudes que nos env\u00edes.<\/p>\n<\/li>\n<li>\n<p><strong>Para transferencias comerciales:<\/strong> podemos utilizar tu informaci\u00f3n para evaluar o llevar a cabo una fusi\u00f3n, desinversi\u00f3n, reestructuraci\u00f3n, reorganizaci\u00f3n, disoluci\u00f3n u otra venta o transferencia de la totalidad o parte de nuestros activos, ya sea como una empresa en funcionamiento o como parte de una quiebra o liquidaci\u00f3n, en la cual los Datos Personales de los usuarios del Servicio est\u00e9n entre los activos transferidos.<\/p>\n<\/li>\n<li>\n<p><strong>Para otros fines:<\/strong> podemos usar tu informaci\u00f3n para an\u00e1lisis de datos, identificar tendencias de uso, medir la efectividad de nuestras campa\u00f1as promocionales y mejorar nuestro Servicio, productos, marketing y tu experiencia general.<\/p>\n<\/li>\n<\/ul>\n<p>Podemos compartir tu informaci\u00f3n personal en las siguientes situaciones:<\/p>\n<ul>\n<li><strong>Con Proveedores de Servicios:<\/strong> podemos compartir tu informaci\u00f3n con proveedores que nos ayuden a analizar el uso del Servicio o a contactarte.<\/li>\n<li><strong>En transferencias comerciales:<\/strong> podemos compartir o transferir tu informaci\u00f3n en relaci\u00f3n con, o durante negociaciones de, una fusi\u00f3n, venta de activos de la empresa, financiaci\u00f3n o adquisici\u00f3n de todo o parte de nuestro negocio por otra compa\u00f1\u00eda.<\/li>\n<li><strong>Con Afiliados:<\/strong> podemos compartir tu informaci\u00f3n con nuestras empresas afiliadas, exigi\u00e9ndoles que respeten esta Pol\u00edtica de Privacidad. Las afiliadas incluyen nuestra empresa matriz y cualquier subsidiaria, socio conjunto u otras compa\u00f1\u00edas bajo control com\u00fan.<\/li>\n<li><strong>Con socios comerciales:<\/strong> podemos compartir tu informaci\u00f3n con nuestros socios comerciales para ofrecerte determinados productos, servicios o promociones.<\/li>\n<li><strong>Con otros usuarios:<\/strong> cuando compartes informaci\u00f3n personal o interact\u00faas en \u00e1reas p\u00fablicas con otros usuarios, esa informaci\u00f3n puede ser vista por todos y difundida p\u00fablicamente. Si interact\u00faas con otros usuarios o te registras a trav\u00e9s de un Servicio de Redes Sociales de Terceros, tus contactos podr\u00e1n ver tu nombre, perfil, fotos y actividad. Del mismo modo, otros usuarios podr\u00e1n ver tu actividad, comunicarse contigo y acceder a tu perfil.<\/li>\n<li><strong>Con tu consentimiento:<\/strong> podemos divulgar tu informaci\u00f3n personal para cualquier otro prop\u00f3sito con tu consentimiento.<\/li>\n<\/ul>\n<h3>Conservaci\u00f3n de tus Datos Personales<\/h3>\n<p>La Compa\u00f1\u00eda conservar\u00e1 tus Datos Personales solo durante el tiempo necesario para cumplir con los fines establecidos en esta Pol\u00edtica de Privacidad. Conservaremos y utilizaremos tus Datos Personales en la medida necesaria para cumplir con nuestras obligaciones legales (por ejemplo, si la ley nos exige conservar tus datos), resolver disputas y hacer cumplir nuestros acuerdos y pol\u00edticas legales.<\/p>\n<p>La Compa\u00f1\u00eda tambi\u00e9n conservar\u00e1 los Datos de Uso para fines de an\u00e1lisis interno. Los Datos de Uso suelen conservarse durante un per\u00edodo m\u00e1s corto, excepto cuando se utilicen para mejorar la seguridad o la funcionalidad de nuestro Servicio, o cuando exista una obligaci\u00f3n legal de conservarlos por m\u00e1s tiempo.<\/p>\n<h3>Transferencia de tus Datos Personales<\/h3>\n<p>Tu informaci\u00f3n, incluidos los Datos Personales, se procesa en las oficinas operativas de la Compa\u00f1\u00eda y en cualquier otro lugar donde se encuentren las partes involucradas en el procesamiento. Esto significa que tu informaci\u00f3n puede transferirse y mantenerse en computadoras ubicadas fuera de tu estado, provincia, pa\u00eds u otra jurisdicci\u00f3n gubernamental donde las leyes de protecci\u00f3n de datos puedan diferir de las de tu jurisdicci\u00f3n.<\/p>\n<p>Tu consentimiento a esta Pol\u00edtica de Privacidad, seguido del env\u00edo de tu informaci\u00f3n, representa tu acuerdo con dicha transferencia.<\/p>\n<p>La Compa\u00f1\u00eda tomar\u00e1 todas las medidas razonablemente necesarias para garantizar que tus datos sean tratados de forma segura y de acuerdo con esta Pol\u00edtica de Privacidad, y no se transferir\u00e1n a ninguna organizaci\u00f3n o pa\u00eds sin las medidas adecuadas de protecci\u00f3n, incluyendo la seguridad de tus datos y otra informaci\u00f3n personal.<\/p>\n<h3>Eliminaci\u00f3n de tus Datos Personales<\/h3>\n<p>Tienes derecho a eliminar o solicitar que te ayudemos a eliminar los Datos Personales que hayamos recopilado sobre ti.<\/p>\n<p>Nuestro Servicio puede ofrecerte la posibilidad de eliminar cierta informaci\u00f3n directamente desde tu cuenta.<\/p>\n<p>Puedes actualizar, modificar o eliminar tu informaci\u00f3n en cualquier momento iniciando sesi\u00f3n en tu cuenta, si la tienes, y visitando la secci\u00f3n de configuraci\u00f3n correspondiente. Tambi\u00e9n puedes contactarnos para solicitar acceso, correcci\u00f3n o eliminaci\u00f3n de cualquier informaci\u00f3n personal que nos hayas proporcionado.<\/p>\n<p>Sin embargo, ten en cuenta que podemos conservar cierta informaci\u00f3n cuando exista una obligaci\u00f3n legal o una base leg\u00edtima para hacerlo.<\/p>\n<h3>Divulgaci\u00f3n de tus Datos Personales<\/h3>\n<h4>Transacciones Comerciales<\/h4>\n<p>Si la Compa\u00f1\u00eda participa en una fusi\u00f3n, adquisici\u00f3n o venta de activos, tus Datos Personales pueden ser transferidos. Te informaremos antes de que tus datos sean transferidos y queden sujetos a una pol\u00edtica de privacidad diferente.<\/p>\n<h4>Aplicaci\u00f3n de la Ley<\/h4>\n<p>En determinadas circunstancias, la Compa\u00f1\u00eda puede estar obligada a divulgar tus Datos Personales si as\u00ed lo requiere la ley o en respuesta a solicitudes v\u00e1lidas de autoridades p\u00fablicas (por ejemplo, un tribunal o una agencia gubernamental).<\/p>\n<h4>Otras Obligaciones Legales<\/h4>\n<p>La Compa\u00f1\u00eda puede divulgar tus Datos Personales de buena fe cuando considere que dicha acci\u00f3n es necesaria para:<\/p>\n<ul>\n<li>Cumplir con una obligaci\u00f3n legal<\/li>\n<li>Proteger y defender los derechos o la propiedad de la Compa\u00f1\u00eda<\/li>\n<li>Prevenir o investigar posibles irregularidades relacionadas con el Servicio<\/li>\n<li>Proteger la seguridad personal de los Usuarios del Servicio o del p\u00fablico<\/li>\n<li>Protegerse contra responsabilidades legales<\/li>\n<\/ul>\n<h3>Seguridad de tus Datos Personales<\/h3>\n<p>La seguridad de tus Datos Personales es importante para nosotros, pero recuerda que ning\u00fan m\u00e9todo de transmisi\u00f3n por Internet o de almacenamiento electr\u00f3nico es 100% seguro. Aunque nos esforzamos por utilizar medios comercialmente aceptables para proteger tus datos, no podemos garantizar su seguridad absoluta.<\/p>\n<h2>Privacidad de los Menores<\/h2>\n<p>Nuestro Servicio no est\u00e1 dirigido a personas menores de 13 a\u00f1os. No recopilamos conscientemente informaci\u00f3n personal identificable de menores de 13 a\u00f1os. Si eres padre, madre o tutor y sabes que tu hijo nos ha proporcionado Datos Personales, cont\u00e1ctanos. Si descubrimos que hemos recopilado datos personales de menores sin el consentimiento verificable de los padres, tomaremos medidas para eliminar dicha informaci\u00f3n de nuestros servidores.<\/p>\n<p>Si necesitamos basarnos en el consentimiento como fundamento legal para procesar tu informaci\u00f3n y tu pa\u00eds requiere el consentimiento de los padres, podremos solicitar dicho consentimiento antes de recopilar y usar esa informaci\u00f3n.<\/p>\n<h2>Enlaces a Otros Sitios Web<\/h2>\n<p>Nuestro Servicio puede contener enlaces a otros sitios web que no son operados por nosotros. Si haces clic en un enlace de terceros, ser\u00e1s dirigido al sitio de ese tercero. Te recomendamos encarecidamente que revises la Pol\u00edtica de Privacidad de cada sitio que visites.<\/p>\n<p>No tenemos control ni asumimos responsabilidad alguna sobre el contenido, las pol\u00edticas de privacidad o las pr\u00e1cticas de sitios o servicios de terceros.<\/p>\n<h2>Cambios en esta Pol\u00edtica de Privacidad<\/h2>\n<p>Podemos actualizar nuestra Pol\u00edtica de Privacidad peri\u00f3dicamente. Te notificaremos cualquier cambio publicando la nueva versi\u00f3n en esta p\u00e1gina.<\/p>\n<p>Te informaremos por correo electr\u00f3nico y\/o mediante un aviso destacado en nuestro Servicio antes de que el cambio entre en vigor, y actualizaremos la fecha de \u201c\u00daltima actualizaci\u00f3n\u201d en la parte superior de esta Pol\u00edtica.<\/p>\n<p>Te recomendamos revisar esta Pol\u00edtica de Privacidad peri\u00f3dicamente para conocer los posibles cambios. Las modificaciones entrar\u00e1n en vigor una vez publicadas en esta p\u00e1gina.<\/p>\n<h2>Cont\u00e1ctanos<\/h2>\n<p>Si tienes alguna pregunta sobre esta Pol\u00edtica de Privacidad, puedes contactarnos en: contact@pippinclub.com<\/p>","protected":false},"excerpt":{"rendered":"<p>Qui\u00e9nes somos \u00a1Bienvenido a pippinclub.com! Al usar nuestro sitio web, aceptas los siguientes t\u00e9rminos y condiciones. Por favor, l\u00e9elos atentamente antes de acceder o utilizar cualquier parte de nuestro sitio. Contenido incrustado de otros sitios web Los art\u00edculos de este sitio pueden incluir contenido incrustado (por ejemplo, videos, im\u00e1genes, art\u00edculos, etc.). El contenido incrustado de otros sitios web se comporta exactamente de la misma manera que si el visitante hubiera accedido directamente a ese otro sitio. Estos sitios web pueden [&hellip;]<\/p>\n","protected":false},"author":1,"featured_media":4353,"parent":0,"menu_order":0,"comment_status":"closed","ping_status":"open","template":"","meta":{"_coblocks_attr":"","_coblocks_dimensions":"","_coblocks_responsive_height":"","_coblocks_accordion_ie_support":"","content-type":"","footnotes":""},"class_list":["post-4359","page","type-page","status-publish","has-post-thumbnail","hentry"],"_links":{"self":[{"href":"https:\/\/pippinclub.com\/es\/wp-json\/wp\/v2\/pages\/4359","targetHints":{"allow":["GET"]}}],"collection":[{"href":"https:\/\/pippinclub.com\/es\/wp-json\/wp\/v2\/pages"}],"about":[{"href":"https:\/\/pippinclub.com\/es\/wp-json\/wp\/v2\/types\/page"}],"author":[{"embeddable":true,"href":"https:\/\/pippinclub.com\/es\/wp-json\/wp\/v2\/users\/1"}],"replies":[{"embeddable":true,"href":"https:\/\/pippinclub.com\/es\/wp-json\/wp\/v2\/comments?post=4359"}],"version-history":[{"count":2,"href":"https:\/\/pippinclub.com\/es\/wp-json\/wp\/v2\/pages\/4359\/revisions"}],"predecessor-version":[{"id":4450,"href":"https:\/\/pippinclub.com\/es\/wp-json\/wp\/v2\/pages\/4359\/revisions\/4450"}],"wp:featuredmedia":[{"embeddable":true,"href":"https:\/\/pippinclub.com\/es\/wp-json\/wp\/v2\/media\/4353"}],"wp:attachment":[{"href":"https:\/\/pippinclub.com\/es\/wp-json\/wp\/v2\/media?parent=4359"}],"curies":[{"name":"wp","href":"https:\/\/api.w.org\/{rel}","templated":true}]}}