{"id":4362,"date":"2025-03-09T20:22:47","date_gmt":"2025-03-09T20:22:47","guid":{"rendered":"https:\/\/pippinclub.com\/copyright-disclaimer\/"},"modified":"2025-10-17T13:14:01","modified_gmt":"2025-10-17T13:14:01","slug":"aviso-de-derechos-de-autor","status":"publish","type":"page","link":"https:\/\/pippinclub.com\/es\/aviso-de-derechos-de-autor\/","title":{"rendered":"Aviso de Derechos de Autor"},"content":{"rendered":"\n\n<p>Las listas principales de los \u201cPippin Awards\u201d se proporcionan estrictamente con fines de investigaci\u00f3n e informaci\u00f3n. Todos los datos se recopilan y organizan a partir de fuentes de acceso p\u00fablico. Al presentar esta informaci\u00f3n, no reclamamos propiedad sobre ning\u00fan contenido externo ni garantizamos la exactitud o vigencia completa de las listas.<\/p>\n\n\n\n\n<p>Nos esforzamos por mantener material confiable y basado en hechos; sin embargo, pueden producirse errores u omisiones involuntarias. No ofrecemos ninguna garant\u00eda \u2014expresa o impl\u00edcita\u2014 sobre la integridad, fiabilidad o idoneidad de la informaci\u00f3n para un fin espec\u00edfico. Cualquier confianza que deposites en dicho material ser\u00e1 estrictamente bajo tu propio riesgo.<\/p>\n\n\n\n\n<p>Respetamos los derechos de individuos, organizaciones y titulares de derechos de autor. Si consideras que alguna entrada, referencia o dato incluido en los Pippin Awards infringe tus derechos o resulta problem\u00e1tico, nos comprometemos a atender tu solicitud. Por favor, cont\u00e1ctanos a trav\u00e9s de la p\u00e1gina \u201cCont\u00e1ctanos\u201d con tu solicitud de eliminaci\u00f3n o revisi\u00f3n, y revisaremos el caso para tomar las medidas apropiadas lo antes posible.<\/p>\n\n\n\n\n<p>Al seguir enlaces a sitios externos o p\u00e1ginas de creadores, lo haces bajo tu propia responsabilidad. No somos responsables del contenido, las pr\u00e1cticas de privacidad ni de los posibles resultados derivados de tu visita a dichas p\u00e1ginas de terceros.<\/p>\n\n\n\n\n<p><\/p>\n","protected":false},"excerpt":{"rendered":"<p>Las listas principales de los \u201cPippin Awards\u201d se proporcionan estrictamente con fines de investigaci\u00f3n e informaci\u00f3n. Todos los datos se recopilan y organizan a partir de fuentes de acceso p\u00fablico. Al presentar esta informaci\u00f3n, no reclamamos propiedad sobre ning\u00fan contenido externo ni garantizamos la exactitud o vigencia completa de las listas. Nos esforzamos por mantener material confiable y basado en hechos; sin embargo, pueden producirse errores u omisiones involuntarias. No ofrecemos ninguna garant\u00eda \u2014expresa o impl\u00edcita\u2014 sobre la integridad, fiabilidad [&hellip;]<\/p>\n","protected":false},"author":1,"featured_media":4353,"parent":0,"menu_order":0,"comment_status":"closed","ping_status":"closed","template":"","meta":{"_coblocks_attr":"","_coblocks_dimensions":"","_coblocks_responsive_height":"","_coblocks_accordion_ie_support":"","content-type":"","footnotes":""},"class_list":["post-4362","page","type-page","status-publish","has-post-thumbnail","hentry"],"_links":{"self":[{"href":"https:\/\/pippinclub.com\/es\/wp-json\/wp\/v2\/pages\/4362","targetHints":{"allow":["GET"]}}],"collection":[{"href":"https:\/\/pippinclub.com\/es\/wp-json\/wp\/v2\/pages"}],"about":[{"href":"https:\/\/pippinclub.com\/es\/wp-json\/wp\/v2\/types\/page"}],"author":[{"embeddable":true,"href":"https:\/\/pippinclub.com\/es\/wp-json\/wp\/v2\/users\/1"}],"replies":[{"embeddable":true,"href":"https:\/\/pippinclub.com\/es\/wp-json\/wp\/v2\/comments?post=4362"}],"version-history":[{"count":1,"href":"https:\/\/pippinclub.com\/es\/wp-json\/wp\/v2\/pages\/4362\/revisions"}],"predecessor-version":[{"id":4364,"href":"https:\/\/pippinclub.com\/es\/wp-json\/wp\/v2\/pages\/4362\/revisions\/4364"}],"wp:featuredmedia":[{"embeddable":true,"href":"https:\/\/pippinclub.com\/es\/wp-json\/wp\/v2\/media\/4353"}],"wp:attachment":[{"href":"https:\/\/pippinclub.com\/es\/wp-json\/wp\/v2\/media?parent=4362"}],"curies":[{"name":"wp","href":"https:\/\/api.w.org\/{rel}","templated":true}]}}