{"id":4370,"date":"2025-03-09T22:38:45","date_gmt":"2025-03-09T22:38:45","guid":{"rendered":"https:\/\/pippinclub.com\/?page_id=4370"},"modified":"2025-10-17T15:59:49","modified_gmt":"2025-10-17T15:59:49","slug":"pippin-awards","status":"publish","type":"page","link":"https:\/\/pippinclub.com\/es\/pippin-awards\/","title":{"rendered":"Pippin Awards"},"content":{"rendered":"<h2>Aviso legal<\/h2>\n<p><strong>Las listas principales de los \u201cPippin Awards\u201d se ofrecen exclusivamente con fines informativos y de investigaci\u00f3n. Todos los datos se recopilan y organizan a partir de fuentes de acceso p\u00fablico. Al presentar esta informaci\u00f3n, no reclamamos propiedad sobre ning\u00fan contenido externo ni garantizamos la precisi\u00f3n o actualidad total de las listas.<\/strong><\/p>\n<p><strong>Respetamos los derechos de las personas, organizaciones y titulares de derechos de autor. Si considera que alguna entrada, referencia o dato incluido en los Pippin Awards infringe sus derechos o resulta problem\u00e1tico por cualquier motivo, nos comprometemos a atender su solicitud. P\u00f3ngase en contacto con nosotros a trav\u00e9s de la p\u00e1gina \u201cCont\u00e1ctanos\u201d con su solicitud de eliminaci\u00f3n o correcci\u00f3n, y la revisaremos para tomar las medidas adecuadas lo antes posible.<\/strong><\/p>\n","protected":false},"excerpt":{"rendered":"<p>Aviso legal Las listas principales de los \u201cPippin Awards\u201d se ofrecen exclusivamente con fines informativos y de investigaci\u00f3n. Todos los datos se recopilan y organizan a partir de fuentes de acceso p\u00fablico. Al presentar esta informaci\u00f3n, no reclamamos propiedad sobre ning\u00fan contenido externo ni garantizamos la precisi\u00f3n o actualidad total de las listas. Respetamos los derechos de las personas, organizaciones y titulares de derechos de autor. Si considera que alguna entrada, referencia o dato incluido en los Pippin Awards infringe [&hellip;]<\/p>\n","protected":false},"author":1,"featured_media":0,"parent":0,"menu_order":0,"comment_status":"closed","ping_status":"closed","template":"","meta":{"_coblocks_attr":"","_coblocks_dimensions":"","_coblocks_responsive_height":"","_coblocks_accordion_ie_support":"","content-type":"","footnotes":""},"class_list":["post-4370","page","type-page","status-publish","hentry"],"_links":{"self":[{"href":"https:\/\/pippinclub.com\/es\/wp-json\/wp\/v2\/pages\/4370","targetHints":{"allow":["GET"]}}],"collection":[{"href":"https:\/\/pippinclub.com\/es\/wp-json\/wp\/v2\/pages"}],"about":[{"href":"https:\/\/pippinclub.com\/es\/wp-json\/wp\/v2\/types\/page"}],"author":[{"embeddable":true,"href":"https:\/\/pippinclub.com\/es\/wp-json\/wp\/v2\/users\/1"}],"replies":[{"embeddable":true,"href":"https:\/\/pippinclub.com\/es\/wp-json\/wp\/v2\/comments?post=4370"}],"version-history":[{"count":4,"href":"https:\/\/pippinclub.com\/es\/wp-json\/wp\/v2\/pages\/4370\/revisions"}],"predecessor-version":[{"id":4433,"href":"https:\/\/pippinclub.com\/es\/wp-json\/wp\/v2\/pages\/4370\/revisions\/4433"}],"wp:attachment":[{"href":"https:\/\/pippinclub.com\/es\/wp-json\/wp\/v2\/media?parent=4370"}],"curies":[{"name":"wp","href":"https:\/\/api.w.org\/{rel}","templated":true}]}}